{"id":17,"date":"2015-05-06T12:45:54","date_gmt":"2015-05-06T11:45:54","guid":{"rendered":"https:\/\/261abc.wordpress.com\/?page_id=17"},"modified":"2025-07-08T16:05:18","modified_gmt":"2025-07-08T16:05:18","slug":"conditions-dadmission","status":"publish","type":"page","link":"https:\/\/essagro.mg\/abc\/conditions-dadmission\/","title":{"rendered":"Conditions d&rsquo;admission"},"content":{"rendered":"<ol>\n<li>Les \u00e9tudes \u00e0 la mention ABC, aboutissant au dipl\u00f4me de Master en Agro\u00e9cologie, Biodiversit\u00e9 et Changement Climatique, sont ouvertes aux \u00e9tudiants et professionnels titulaires des dipl\u00f4mes ci-apr\u00e8s ou \u00e9quivalent : Licence en Agronomie, Licence ou ma\u00eetrise en sciences naturelles, sociales, \u00e9conomiques, avec des notions ou exp\u00e9riences prouv\u00e9es dans les domaines connexes du d\u00e9veloppement.<\/li>\n<li>Les \u00e9tudiants qui sont issus d&rsquo;autres institutions que l&rsquo;ESSA doivent passer un entretien de s\u00e9lection et suivre un semestre de Pr\u00e9-requis en S6.<\/li>\n<li>Les\u00a0 candidats titulaires d&rsquo;un dipl\u00f4me universitaire d\u00e9livr\u00e9 par une institution publique ou ayant recu une \u00e9quivalence d\u00e9livr\u00e9e par le Minist\u00e8re de l&rsquo;enseignement sup\u00e9rieur et de la recherche scientifique (le <strong>certificat d&rsquo;\u00e9quivalence<\/strong> doit \u00eatre disponible et \u00eatre pr\u00e9sent\u00e9 avec le dossier de pr\u00e9inscription) sont admissibles.<\/li>\n<li>\u00a0Les \u00e9tudiants sortants de l&rsquo;ESSA, titulaires du dipl\u00f4me d&rsquo;Ing\u00e9nieur ou de Master sont directement admissibles en M2 (Semestre 9) du programme de Master ABC. Ils devront compl\u00e9ter 10 cr\u00e9dits.<\/li>\n<\/ol>\n<p><em>Merci de nous contacter pour plus de d\u00e9tails.<\/em><\/p>\n","protected":false},"excerpt":{"rendered":"<p>Les \u00e9tudes \u00e0 la mention ABC, aboutissant au dipl\u00f4me de Master en Agro\u00e9cologie, Biodiversit\u00e9 et Changement Climatique, sont ouvertes aux \u00e9tudiants et professionnels titulaires des dipl\u00f4mes ci-apr\u00e8s ou \u00e9quivalent : Licence en Agronomie, Licence ou ma\u00eetrise en sciences naturelles, sociales, \u00e9conomiques, avec des notions ou exp\u00e9riences prouv\u00e9es dans les domaines connexes du d\u00e9veloppement. Les \u00e9tudiants &hellip; <a href=\"https:\/\/essagro.mg\/abc\/conditions-dadmission\/\" class=\"more-link\">Continuer la lecture<span class=\"screen-reader-text\"> de &laquo;&nbsp;Conditions d&rsquo;admission&nbsp;&raquo;<\/span><\/a><\/p>\n","protected":false},"author":1,"featured_media":0,"parent":0,"menu_order":4,"comment_status":"closed","ping_status":"closed","template":"","meta":{"pagelayer_contact_templates":[],"_pagelayer_content":"","footnotes":""},"class_list":["post-17","page","type-page","status-publish","hentry"],"_links":{"self":[{"href":"https:\/\/essagro.mg\/abc\/wp-json\/wp\/v2\/pages\/17","targetHints":{"allow":["GET"]}}],"collection":[{"href":"https:\/\/essagro.mg\/abc\/wp-json\/wp\/v2\/pages"}],"about":[{"href":"https:\/\/essagro.mg\/abc\/wp-json\/wp\/v2\/types\/page"}],"author":[{"embeddable":true,"href":"https:\/\/essagro.mg\/abc\/wp-json\/wp\/v2\/users\/1"}],"replies":[{"embeddable":true,"href":"https:\/\/essagro.mg\/abc\/wp-json\/wp\/v2\/comments?post=17"}],"version-history":[{"count":5,"href":"https:\/\/essagro.mg\/abc\/wp-json\/wp\/v2\/pages\/17\/revisions"}],"predecessor-version":[{"id":803,"href":"https:\/\/essagro.mg\/abc\/wp-json\/wp\/v2\/pages\/17\/revisions\/803"}],"wp:attachment":[{"href":"https:\/\/essagro.mg\/abc\/wp-json\/wp\/v2\/media?parent=17"}],"curies":[{"name":"wp","href":"https:\/\/api.w.org\/{rel}","templated":true}]}}