{"id":295,"date":"2017-12-22T14:40:51","date_gmt":"2017-12-22T14:40:51","guid":{"rendered":"https:\/\/abc.essagro.mg\/?page_id=295"},"modified":"2025-07-08T16:29:47","modified_gmt":"2025-07-08T16:29:47","slug":"frais","status":"publish","type":"page","link":"https:\/\/essagro.mg\/abc\/frais\/","title":{"rendered":"Frais d&rsquo;\u00e9tudes"},"content":{"rendered":"<p><strong>Frais d&rsquo;inscription acad\u00e9mique payables \u00e0 l&rsquo;ESSA et \u00e0 l&rsquo;Universit\u00e9 d&rsquo;Antananarivo :<\/strong><\/p>\n<ul>\n<li>\u00e9tudiants nationaux : 150.000 Ariary \/an<\/li>\n<li>\u00e9tudiants internationaux : se renseigner<\/li>\n<\/ul>\n<p>Les \u00e9tudiants qui n&rsquo;auront pas soutenu leur m\u00e9moire 24 mois apr\u00e8s leur inscription en M2 devront refaire leur inscription acad\u00e9mique.<\/p>\n<p><strong>Frais p\u00e9dagogiques pour les \u00e9tudiants non issus de la Licence SAE de l&rsquo;ESSA (acc\u00e8s aux cours, \u00e0 la documentation \u00e0 l&rsquo;ESSA, et les sorties et voyages, hors subsistance lors desdites sorties et voyages) (frais p\u00e9dagogiques uniformis\u00e9s \u00e0 toutes les Mentions de l&rsquo;ESSA):<\/strong><\/p>\n<ul>\n<li>\u00e9tudiants nationaux et internationaux : 600.000 Ariary \/ semestre (compter 1 semestre pre-requis + 4 semestres (M1+M2)<\/li>\n<\/ul>\n<p>Non comprises l&rsquo;assurance et toutes autres d\u00e9penses li\u00e9es \u00e0 la subsistance de l&rsquo;int\u00e9ress\u00e9(e)<\/p>\n","protected":false},"excerpt":{"rendered":"<p>Frais d&rsquo;inscription acad\u00e9mique payables \u00e0 l&rsquo;ESSA et \u00e0 l&rsquo;Universit\u00e9 d&rsquo;Antananarivo : \u00e9tudiants nationaux : 150.000 Ariary \/an \u00e9tudiants internationaux : se renseigner Les \u00e9tudiants qui n&rsquo;auront pas soutenu leur m\u00e9moire 24 mois apr\u00e8s leur inscription en M2 devront refaire leur inscription acad\u00e9mique. Frais p\u00e9dagogiques pour les \u00e9tudiants non issus de la Licence SAE de l&rsquo;ESSA &hellip; <a href=\"https:\/\/essagro.mg\/abc\/frais\/\" class=\"more-link\">Continuer la lecture<span class=\"screen-reader-text\"> de &laquo;&nbsp;Frais d&rsquo;\u00e9tudes&nbsp;&raquo;<\/span><\/a><\/p>\n","protected":false},"author":1,"featured_media":0,"parent":0,"menu_order":0,"comment_status":"closed","ping_status":"closed","template":"","meta":{"pagelayer_contact_templates":[],"_pagelayer_content":"","footnotes":""},"class_list":["post-295","page","type-page","status-publish","hentry"],"_links":{"self":[{"href":"https:\/\/essagro.mg\/abc\/wp-json\/wp\/v2\/pages\/295","targetHints":{"allow":["GET"]}}],"collection":[{"href":"https:\/\/essagro.mg\/abc\/wp-json\/wp\/v2\/pages"}],"about":[{"href":"https:\/\/essagro.mg\/abc\/wp-json\/wp\/v2\/types\/page"}],"author":[{"embeddable":true,"href":"https:\/\/essagro.mg\/abc\/wp-json\/wp\/v2\/users\/1"}],"replies":[{"embeddable":true,"href":"https:\/\/essagro.mg\/abc\/wp-json\/wp\/v2\/comments?post=295"}],"version-history":[{"count":4,"href":"https:\/\/essagro.mg\/abc\/wp-json\/wp\/v2\/pages\/295\/revisions"}],"predecessor-version":[{"id":822,"href":"https:\/\/essagro.mg\/abc\/wp-json\/wp\/v2\/pages\/295\/revisions\/822"}],"wp:attachment":[{"href":"https:\/\/essagro.mg\/abc\/wp-json\/wp\/v2\/media?parent=295"}],"curies":[{"name":"wp","href":"https:\/\/api.w.org\/{rel}","templated":true}]}}