{"id":34,"date":"2020-06-18T06:34:01","date_gmt":"2020-06-18T06:34:01","guid":{"rendered":"https:\/\/261abc.wordpress.com\/?page_id=34"},"modified":"2025-07-17T16:21:18","modified_gmt":"2025-07-17T16:21:18","slug":"equipe-pedagogique-2","status":"publish","type":"page","link":"https:\/\/essagro.mg\/abc\/equipe-pedagogique-2\/","title":{"rendered":"Equipe p\u00e9dagogique."},"content":{"rendered":"<p><strong>Responsable\u00a0 de la Mention : Pr. Rahetlah Volatsara <\/strong>, ESSA<\/p>\n<p><em><strong>Membres de l&rsquo;\u00e9quipe p\u00e9dagogique (par ordre alphab\u00e9tique)<\/strong><\/em><\/p>\n<p style=\"text-align: left;\"><strong>Andriamananjara<\/strong> Andry, Professeur, ESSA\/LRI<br \/>\n<strong>Arivelo <\/strong>Tatiana<strong>, <\/strong>Docteur, ESSA\/DGM<strong><br \/>\nMamitiana Andriamanjato, <\/strong>Expert Redd+<strong><br \/>\nRabeharisoa<\/strong> Lilia, Professeur, ESSA\/LRI<br \/>\n<strong>Rabemananjara<\/strong> Zo, Professeur, ESSA<br \/>\n<strong>Raharison <\/strong>Tahina, Expert en Agro\u00e9cologie, GSDM<strong><br \/>\nRahetlah<\/strong> Volatsara, Professeur, ESSA<br \/>\n<strong>Rakotondralambo <\/strong>Andriantahina<strong>, <\/strong>Directeur G\u00e9n\u00e9ral, ANAE<strong><br \/>\n<\/strong><strong>Rakotondravelo<\/strong> Jean Chrysostome, Professeur, ESSA<br \/>\n<strong>Rakoto-Ratsimba<\/strong> Harifidy, Docteur-Ing\u00e9nieur, ESSA<br \/>\n<strong>Ramanoelina<\/strong> Vonifanja, Ma\u00eetre de Conf\u00e9rences, ESSA<br \/>\n<strong>Raminoarison<\/strong> Manoa, Docteur, ESSA\/LRI<br \/>\n<strong>Ramamonjisoa<\/strong> Lolona, Professeur, ESSA<br \/>\n<strong>Ranaivonasy<\/strong> Jeannin, Ma\u00eetre de Conf\u00e9rences, ESSA<br \/>\n<strong>Ranjatson<\/strong> Patrick, Ma\u00eetre de Conf\u00e9rences, ESSA<br \/>\n<strong>Ratsirarson<\/strong> Joelisoa, Professeur, ESSA<br \/>\n<strong>Ravelomanantsoa Rado, <\/strong>Docteur, anciennement Directeur des Affaires Juridiques, Pr\u00e9sidence de l\u2019Universit\u00e9 d\u2019Antananarivo<strong><br \/>\nRazafimahatratra<\/strong> Hery, Ma\u00eetre de Conf\u00e9rences, ESSA\/LRI<br \/>\n<strong>Razafimbelo<\/strong> Tantely, Professeur, ESSA\/LRI<br \/>\n<strong>Razakamanarivo<\/strong> Herintsitohaina, Professeur, ESSA\/LRI<\/p>\n","protected":false},"excerpt":{"rendered":"<p>Responsable\u00a0 de la Mention : Pr. Rahetlah Volatsara , ESSA Membres de l&rsquo;\u00e9quipe p\u00e9dagogique (par ordre alphab\u00e9tique) Andriamananjara Andry, Professeur, ESSA\/LRI Arivelo Tatiana, Docteur, ESSA\/DGM Mamitiana Andriamanjato, Expert Redd+ Rabeharisoa Lilia, Professeur, ESSA\/LRI Rabemananjara Zo, Professeur, ESSA Raharison Tahina, Expert en Agro\u00e9cologie, GSDM Rahetlah Volatsara, Professeur, ESSA Rakotondralambo Andriantahina, Directeur G\u00e9n\u00e9ral, ANAE Rakotondravelo Jean Chrysostome, &hellip; <a href=\"https:\/\/essagro.mg\/abc\/equipe-pedagogique-2\/\" class=\"more-link\">Continuer la lecture<span class=\"screen-reader-text\"> de &laquo;&nbsp;Equipe p\u00e9dagogique.&nbsp;&raquo;<\/span><\/a><\/p>\n","protected":false},"author":1,"featured_media":0,"parent":0,"menu_order":0,"comment_status":"open","ping_status":"open","template":"","meta":{"pagelayer_contact_templates":[],"_pagelayer_content":"","footnotes":""},"class_list":["post-34","page","type-page","status-publish","hentry"],"_links":{"self":[{"href":"https:\/\/essagro.mg\/abc\/wp-json\/wp\/v2\/pages\/34","targetHints":{"allow":["GET"]}}],"collection":[{"href":"https:\/\/essagro.mg\/abc\/wp-json\/wp\/v2\/pages"}],"about":[{"href":"https:\/\/essagro.mg\/abc\/wp-json\/wp\/v2\/types\/page"}],"author":[{"embeddable":true,"href":"https:\/\/essagro.mg\/abc\/wp-json\/wp\/v2\/users\/1"}],"replies":[{"embeddable":true,"href":"https:\/\/essagro.mg\/abc\/wp-json\/wp\/v2\/comments?post=34"}],"version-history":[{"count":3,"href":"https:\/\/essagro.mg\/abc\/wp-json\/wp\/v2\/pages\/34\/revisions"}],"predecessor-version":[{"id":843,"href":"https:\/\/essagro.mg\/abc\/wp-json\/wp\/v2\/pages\/34\/revisions\/843"}],"wp:attachment":[{"href":"https:\/\/essagro.mg\/abc\/wp-json\/wp\/v2\/media?parent=34"}],"curies":[{"name":"wp","href":"https:\/\/api.w.org\/{rel}","templated":true}]}}