{"id":444,"date":"2018-12-12T08:45:54","date_gmt":"2018-12-12T08:45:54","guid":{"rendered":"https:\/\/abc.essagro.mg\/?page_id=444"},"modified":"2018-12-12T08:45:54","modified_gmt":"2018-12-12T08:45:54","slug":"semestre-6-sae-et-prerequis","status":"publish","type":"page","link":"https:\/\/essagro.mg\/abc\/semestre-6-sae-et-prerequis\/","title":{"rendered":"Semestre 6 (SAE et Pr\u00e9requis)"},"content":{"rendered":"<p>Liste des mati\u00e8res en S6<br \/>\n<strong>UE1 Agronomie<\/strong><br \/>\n11. Agronomie de Base<br \/>\n12. Agriculture, march\u00e9, \u00e9thique, certification<br \/>\n13. Agrobiodiversit\u00e9<br \/>\n<strong>UE2 Environnement et climat<\/strong><br \/>\n21. Ecologie<br \/>\n22. Sols des mondes tropicaux<br \/>\n23. Climatologie<br \/>\n<strong>UE3 M\u00e9thode et TIC<\/strong><br \/>\n31. M\u00e9thodologie de recherche : normes<br \/>\n32. Cartographie et notions de base en spatialisation<br \/>\n<strong>UE4 M\u00e9moire de Licence<\/strong><\/p>\n","protected":false},"excerpt":{"rendered":"<p>Liste des mati\u00e8res en S6 UE1 Agronomie 11. Agronomie de Base 12. Agriculture, march\u00e9, \u00e9thique, certification 13. Agrobiodiversit\u00e9 UE2 Environnement et climat 21. Ecologie 22. Sols des mondes tropicaux 23. Climatologie UE3 M\u00e9thode et TIC 31. M\u00e9thodologie de recherche : normes 32. Cartographie et notions de base en spatialisation UE4 M\u00e9moire de Licence<\/p>\n","protected":false},"author":1,"featured_media":0,"parent":0,"menu_order":0,"comment_status":"closed","ping_status":"closed","template":"","meta":{"pagelayer_contact_templates":[],"_pagelayer_content":"","footnotes":""},"class_list":["post-444","page","type-page","status-publish","hentry"],"_links":{"self":[{"href":"https:\/\/essagro.mg\/abc\/wp-json\/wp\/v2\/pages\/444","targetHints":{"allow":["GET"]}}],"collection":[{"href":"https:\/\/essagro.mg\/abc\/wp-json\/wp\/v2\/pages"}],"about":[{"href":"https:\/\/essagro.mg\/abc\/wp-json\/wp\/v2\/types\/page"}],"author":[{"embeddable":true,"href":"https:\/\/essagro.mg\/abc\/wp-json\/wp\/v2\/users\/1"}],"replies":[{"embeddable":true,"href":"https:\/\/essagro.mg\/abc\/wp-json\/wp\/v2\/comments?post=444"}],"version-history":[{"count":0,"href":"https:\/\/essagro.mg\/abc\/wp-json\/wp\/v2\/pages\/444\/revisions"}],"wp:attachment":[{"href":"https:\/\/essagro.mg\/abc\/wp-json\/wp\/v2\/media?parent=444"}],"curies":[{"name":"wp","href":"https:\/\/api.w.org\/{rel}","templated":true}]}}