{"id":495,"date":"2019-01-21T11:21:58","date_gmt":"2019-01-21T11:21:58","guid":{"rendered":"https:\/\/abc.essagro.mg\/?page_id=495"},"modified":"2026-05-07T05:01:23","modified_gmt":"2026-05-07T05:01:23","slug":"preinscriptions","status":"publish","type":"page","link":"https:\/\/essagro.mg\/abc\/preinscriptions\/","title":{"rendered":"Pr\u00e9inscriptions"},"content":{"rendered":"\n<p>Veuillez remplir le formulaire ci-dessous pour votre candidature  en Master en Agro\u00e9cologie, Biodiversit\u00e9 et Changement climatique.<\/p>\n\n\n<div class=\"frm_forms  with_frm_style frm_style_style-formidable\" id=\"frm_form_2_container\" data-token=\"f7c990f1d6e506c5a2f629c53fe2d600\">\n<form enctype=\"multipart\/form-data\" method=\"post\" class=\"frm-show-form \" id=\"form_preinscription\" data-token=\"f7c990f1d6e506c5a2f629c53fe2d600\">\n<div class=\"frm_form_fields \">\n<fieldset>\n<legend class=\"frm_screen_reader\">PREINSCRIPTION<\/legend>\n\n<div class=\"frm_fields_container\">\n<input type=\"hidden\" name=\"frm_action\" value=\"create\" \/>\n<input type=\"hidden\" name=\"form_id\" value=\"2\" \/>\n<input type=\"hidden\" name=\"frm_hide_fields_2\" id=\"frm_hide_fields_2\" value=\"\" \/>\n<input type=\"hidden\" name=\"form_key\" value=\"preinscription\" \/>\n<input type=\"hidden\" name=\"item_meta[0]\" value=\"\" \/>\n<input type=\"hidden\" id=\"frm_submit_entry_2\" name=\"frm_submit_entry_2\" value=\"241e7a423d\" \/><input type=\"hidden\" name=\"_wp_http_referer\" value=\"\/abc\/wp-json\/wp\/v2\/pages\/495\" \/><div id=\"frm_field_36_container\" class=\"frm_form_field form-field  frm_required_field frm_top_container frm12 frm_first\">\n\t<label for=\"field_ohqcl\" id=\"field_ohqcl_label\" class=\"frm_primary_label\">Genre\n\t\t<span class=\"frm_required\" aria-hidden=\"true\">*<\/span>\n\t<\/label>\n\t\t\t<select name=\"item_meta[36]\" id=\"field_ohqcl\"  data-reqmsg=\"Genre ne peut pas \u00eatre vide.\" aria-required=\"true\" data-invmsg=\"Genre est non valide\" aria-invalid=\"false\"  >\n\t\t<option  value=\"Monsieur\">Monsieur<\/option><option  value=\"Madame\">Madame<\/option>\t<\/select>\n\t\n\t\n\t\n<\/div>\n<div id=\"frm_field_13_container\" class=\"frm_form_field form-field  frm_required_field frm_top_container frm12 frm_first\">\n\t<label for=\"field_5h2qo\" id=\"field_5h2qo_label\" class=\"frm_primary_label\">Pr\u00e9nom (s)\n\t\t<span class=\"frm_required\" aria-hidden=\"true\">*<\/span>\n\t<\/label>\n\t<input type=\"text\" id=\"field_5h2qo\" name=\"item_meta[13]\" value=\"\"  data-reqmsg=\"Pr\u00e9nom (s) ne peut pas \u00eatre vide.\" aria-required=\"true\" data-invmsg=\"Pr\u00e9nom (s) est non valide\" aria-invalid=\"false\"  \/>\n\t\n\t\n<\/div>\n<div id=\"frm_field_14_container\" class=\"frm_form_field form-field  frm_required_field frm_top_container\">\n\t<label for=\"field_uiv9r\" id=\"field_uiv9r_label\" class=\"frm_primary_label\">Nom\n\t\t<span class=\"frm_required\" aria-hidden=\"true\">*<\/span>\n\t<\/label>\n\t<input type=\"text\" id=\"field_uiv9r\" name=\"item_meta[14]\" value=\"\"  data-reqmsg=\"Nom ne peut pas \u00eatre vide.\" aria-required=\"true\" data-invmsg=\"Nom est non valide\" aria-invalid=\"false\"  \/>\n\t\n\t\n<\/div>\n<div id=\"frm_field_15_container\" class=\"frm_form_field form-field  frm_required_field frm_top_container\">\n\t<label for=\"field_va60s\" id=\"field_va60s_label\" class=\"frm_primary_label\">Ann\u00e9e de naissance\n\t\t<span class=\"frm_required\" aria-hidden=\"true\">*<\/span>\n\t<\/label>\n\t<input type=\"text\" id=\"field_va60s\" name=\"item_meta[15]\" value=\"\"  data-reqmsg=\"Ann\u00e9e de naissance ne peut pas \u00eatre vide.\" aria-required=\"true\" data-invmsg=\"Ann\u00e9e de naissance est non valide\" aria-invalid=\"false\"  \/>\n\t\n\t\n<\/div>\n<div id=\"frm_field_19_container\" class=\"frm_form_field form-field  frm_required_field frm_top_container\">\n\t<label for=\"field_1sfiy\" id=\"field_1sfiy_label\" class=\"frm_primary_label\">E-mail\n\t\t<span class=\"frm_required\" aria-hidden=\"true\">*<\/span>\n\t<\/label>\n\t<input type=\"email\" id=\"field_1sfiy\" name=\"item_meta[19]\" value=\"\"  data-reqmsg=\"E-mail ne peut pas \u00eatre vide.\" aria-required=\"true\" data-invmsg=\"E-mail est non valide\" aria-invalid=\"false\"  \/>\n\t\n\t\n<\/div>\n<div id=\"frm_field_20_container\" class=\"frm_form_field form-field  frm_required_field frm_top_container\">\n\t<label for=\"field_govxe\" id=\"field_govxe_label\" class=\"frm_primary_label\">T\u00e9l\u00e9phone\n\t\t<span class=\"frm_required\" aria-hidden=\"true\">*<\/span>\n\t<\/label>\n\t<input type=\"tel\" id=\"field_govxe\" name=\"item_meta[20]\" value=\"\"  data-reqmsg=\"T\u00e9l\u00e9phone ne peut pas \u00eatre vide.\" aria-required=\"true\" data-invmsg=\"T\u00e9l\u00e9phone est non valide\" aria-invalid=\"false\" pattern=\"((\\+\\d{1,3}(-|.| )?\\(?\\d\\)?(-| |.)?\\d{1,5})|(\\(?\\d{2,6}\\)?))(-|.| )?(\\d{3,4})(-|.| )?(\\d{4})(( x| ext)\\d{1,5}){0,1}$\"  \/>\n\t\n\t\n<\/div>\n<div id=\"frm_field_22_container\" class=\"frm_form_field form-field  frm_required_field frm_top_container\">\n\t<label for=\"field_dbs6a\" id=\"field_dbs6a_label\" class=\"frm_primary_label\">Dipl\u00f4me\n\t\t<span class=\"frm_required\" aria-hidden=\"true\">*<\/span>\n\t<\/label>\n\t<input type=\"text\" id=\"field_dbs6a\" name=\"item_meta[22]\" value=\"\"  data-reqmsg=\"Dipl\u00f4me ne peut pas \u00eatre vide.\" aria-required=\"true\" data-invmsg=\"Dipl\u00f4me est non valide\" aria-invalid=\"false\"  \/>\n\t\n\t\n<\/div>\n<div id=\"frm_field_26_container\" class=\"frm_form_field form-field  frm_required_field frm_top_container\">\n\t<label for=\"field_gsrja\" id=\"field_gsrja_label\" class=\"frm_primary_label\">Institut ayant d\u00e9livr\u00e9 votre dipl\u00f4me\n\t\t<span class=\"frm_required\" aria-hidden=\"true\">*<\/span>\n\t<\/label>\n\t<input type=\"text\" id=\"field_gsrja\" name=\"item_meta[26]\" value=\"\"  data-reqmsg=\"Institut ayant d\u00e9livr\u00e9 votre dipl\u00f4me ne peut pas \u00eatre vide.\" aria-required=\"true\" data-invmsg=\"Institut ayant d\u00e9livr\u00e9 votre dipl\u00f4me est non valide\" aria-invalid=\"false\"  \/>\n\t\n\t\n<\/div>\n<div id=\"frm_field_24_container\" class=\"frm_form_field form-field  frm_required_field frm_top_container\">\n\t<label for=\"field_dhmlv\" id=\"field_dhmlv_label\" class=\"frm_primary_label\">Ann\u00e9e d&rsquo;obtention de votre dipl\u00f4me\n\t\t<span class=\"frm_required\" aria-hidden=\"true\">*<\/span>\n\t<\/label>\n\t<input type=\"text\" id=\"field_dhmlv\" name=\"item_meta[24]\" value=\"\"  data-reqmsg=\"Ann\u00e9e d&#039;obtention de votre dipl\u00f4me ne peut pas \u00eatre vide.\" aria-required=\"true\" data-invmsg=\"Ann\u00e9e d&#039;obtention de votre dipl\u00f4me est non valide\" aria-invalid=\"false\"  \/>\n\t\n\t\n<\/div>\n<div id=\"frm_field_29_container\" class=\"frm_form_field form-field  frm_required_field frm_top_container frm12 frm_first vertical_radio\">\n\t<div  id=\"field_m92i7_label\" class=\"frm_primary_label\">Statut de l&rsquo;Universit\u00e9 ayant d\u00e9livr\u00e9 votre dipl\u00f4me\n\t\t<span class=\"frm_required\" aria-hidden=\"true\">*<\/span>\n\t<\/div>\n\t<div class=\"frm_opt_container\" aria-labelledby=\"field_m92i7_label\" role=\"group\">\t\t<div class=\"frm_checkbox\" id=\"frm_checkbox_29-0\">\t\t\t<label  for=\"field_m92i7-0\">\n\t\t\t<input type=\"checkbox\" name=\"item_meta[29][]\" id=\"field_m92i7-0\" value=\"Publique\"  data-reqmsg=\"Statut de l&#039;Universit\u00e9 ayant d\u00e9livr\u00e9 votre dipl\u00f4me ne peut pas \u00eatre vide.\" data-invmsg=\"Statut de l&#039;Universit\u00e9 ayant d\u00e9livr\u00e9 votre dipl\u00f4me est non valide\"   aria-required=\"true\"  \/> Publique<\/label><\/div>\n\t\t<div class=\"frm_checkbox\" id=\"frm_checkbox_29-1\">\t\t\t<label  for=\"field_m92i7-1\">\n\t\t\t<input type=\"checkbox\" name=\"item_meta[29][]\" id=\"field_m92i7-1\" value=\"Priv\u00e9\"  data-reqmsg=\"Statut de l&#039;Universit\u00e9 ayant d\u00e9livr\u00e9 votre dipl\u00f4me ne peut pas \u00eatre vide.\" data-invmsg=\"Statut de l&#039;Universit\u00e9 ayant d\u00e9livr\u00e9 votre dipl\u00f4me est non valide\"   \/> Priv\u00e9<\/label><\/div>\n<\/div>\n\t\n\t\n<\/div>\n<div id=\"frm_field_39_container\" class=\"frm_form_field form-field  frm_required_field frm_top_container vertical_radio\">\n\t<div  id=\"field_myij6_label\" class=\"frm_primary_label\">Occupation actuelle\n\t\t<span class=\"frm_required\" aria-hidden=\"true\">*<\/span>\n\t<\/div>\n\t<div class=\"frm_opt_container\" aria-labelledby=\"field_myij6_label\" role=\"group\">\t\t<div class=\"frm_checkbox\" id=\"frm_checkbox_39-0\">\t\t\t<label  for=\"field_myij6-0\">\n\t\t\t<input type=\"checkbox\" name=\"item_meta[39][]\" id=\"field_myij6-0\" value=\"Etudiant\"  data-reqmsg=\"Occupation actuelle ne peut pas \u00eatre vide.\" data-invmsg=\"Occupation actuelle est non valide\"   aria-required=\"true\"  \/> Etudiant<\/label><\/div>\n\t\t<div class=\"frm_checkbox\" id=\"frm_checkbox_39-1\">\t\t\t<label  for=\"field_myij6-1\">\n\t\t\t<input type=\"checkbox\" name=\"item_meta[39][]\" id=\"field_myij6-1\" value=\"Professionnel\"  data-reqmsg=\"Occupation actuelle ne peut pas \u00eatre vide.\" data-invmsg=\"Occupation actuelle est non valide\"   \/> Professionnel<\/label><\/div>\n<\/div>\n\t\n\t\n<\/div>\n<div id=\"frm_field_30_container\" class=\"frm_form_field form-field  frm_required_field frm_top_container\">\n\t<label for=\"field_bo6hj\" id=\"field_bo6hj_label\" class=\"frm_primary_label\">Vos motivations pour rejoindre le programme de Master ABC\n\t\t<span class=\"frm_required\" aria-hidden=\"true\">*<\/span>\n\t<\/label>\n\t<textarea name=\"item_meta[30]\" id=\"field_bo6hj\" rows=\"5\"  data-reqmsg=\"Vos motivations pour rejoindre le programme de Master ABC ne peut pas \u00eatre vide.\" aria-required=\"true\" data-invmsg=\"Vos motivations pour rejoindre le programme de Master ABC est non valide\" aria-invalid=\"false\"  ><\/textarea>\n\t\n\t\n<\/div>\n<div id=\"frm_field_31_container\" class=\"frm_form_field form-field  frm_required_field frm_top_container\">\n\t<label for=\"field_2kpzj\" id=\"field_2kpzj_label\" class=\"frm_primary_label\">Le th\u00e8me de recherche qui vous int\u00e9resserait pour le m\u00e9moire \n\t\t<span class=\"frm_required\" aria-hidden=\"true\">*<\/span>\n\t<\/label>\n\t<textarea name=\"item_meta[31]\" id=\"field_2kpzj\" rows=\"5\"  data-reqmsg=\"Le th\u00e8me de recherche qui vous int\u00e9resserait pour le m\u00e9moire  ne peut pas \u00eatre vide.\" aria-required=\"true\" data-invmsg=\"Le th\u00e8me de recherche qui vous int\u00e9resserait pour le m\u00e9moire  est non valide\" aria-invalid=\"false\"  ><\/textarea>\n\t\n\t\n<\/div>\n<div id=\"frm_field_32_container\" class=\"frm_form_field form-field  frm_required_field frm_top_container vertical_radio\">\n\t<div  id=\"field_5ectb_label\" class=\"frm_primary_label\">Votre disponibilit\u00e9 pour suivre les cours\n\t\t<span class=\"frm_required\" aria-hidden=\"true\">*<\/span>\n\t<\/div>\n\t<div class=\"frm_opt_container\" aria-labelledby=\"field_5ectb_label\" role=\"group\">\t\t<div class=\"frm_checkbox\" id=\"frm_checkbox_32-0\">\t\t\t<label  for=\"field_5ectb-0\">\n\t\t\t<input type=\"checkbox\" name=\"item_meta[32][]\" id=\"field_5ectb-0\" value=\"100%\"  data-reqmsg=\"Votre disponibilit\u00e9 pour suivre les cours ne peut pas \u00eatre vide.\" data-invmsg=\"Votre disponibilit\u00e9 pour suivre les cours est non valide\"   aria-required=\"true\"  \/> 100%<\/label><\/div>\n\t\t<div class=\"frm_checkbox\" id=\"frm_checkbox_32-1\">\t\t\t<label  for=\"field_5ectb-1\">\n\t\t\t<input type=\"checkbox\" name=\"item_meta[32][]\" id=\"field_5ectb-1\" value=\"50%\"  data-reqmsg=\"Votre disponibilit\u00e9 pour suivre les cours ne peut pas \u00eatre vide.\" data-invmsg=\"Votre disponibilit\u00e9 pour suivre les cours est non valide\"   \/> 50%<\/label><\/div>\n\t\t<div class=\"frm_checkbox\" id=\"frm_checkbox_32-2\">\t\t\t<label  for=\"field_5ectb-2\">\n\t\t\t<input type=\"checkbox\" name=\"item_meta[32][]\" id=\"field_5ectb-2\" value=\"Moins de 50%\"  data-reqmsg=\"Votre disponibilit\u00e9 pour suivre les cours ne peut pas \u00eatre vide.\" data-invmsg=\"Votre disponibilit\u00e9 pour suivre les cours est non valide\"   \/> Moins de 50%<\/label><\/div>\n<\/div>\n\t\n\t\n<\/div>\n<div id=\"frm_field_40_container\" class=\"frm_form_field form-field  frm_required_field frm_top_container vertical_radio\">\n\t<div  id=\"field_1oy1p_label\" class=\"frm_primary_label\">Ressources pour la prise en charge des frais de formation\n\t\t<span class=\"frm_required\" aria-hidden=\"true\">*<\/span>\n\t<\/div>\n\t<div class=\"frm_opt_container\" aria-labelledby=\"field_1oy1p_label\" role=\"group\">\t\t<div class=\"frm_checkbox\" id=\"frm_checkbox_40-0\">\t\t\t<label  for=\"field_1oy1p-0\">\n\t\t\t<input type=\"checkbox\" name=\"item_meta[40][]\" id=\"field_1oy1p-0\" value=\"Personnelles\"  data-reqmsg=\"Ressources pour la prise en charge des frais de formation ne peut pas \u00eatre vide.\" data-invmsg=\"Ressources pour la prise en charge des frais de formation est non valide\"   aria-required=\"true\"  \/> Personnelles<\/label><\/div>\n\t\t<div class=\"frm_checkbox\" id=\"frm_checkbox_40-1\">\t\t\t<label  for=\"field_1oy1p-1\">\n\t\t\t<input type=\"checkbox\" name=\"item_meta[40][]\" id=\"field_1oy1p-1\" value=\"Bourses\"  data-reqmsg=\"Ressources pour la prise en charge des frais de formation ne peut pas \u00eatre vide.\" data-invmsg=\"Ressources pour la prise en charge des frais de formation est non valide\"   \/> Bourses<\/label><\/div>\n\t\t<div class=\"frm_checkbox\" id=\"frm_checkbox_40-2\">\t\t\t<label  for=\"field_1oy1p-2\">\n\t\t\t<input type=\"checkbox\" name=\"item_meta[40][]\" id=\"field_1oy1p-2\" value=\"Prise en charge\"  data-reqmsg=\"Ressources pour la prise en charge des frais de formation ne peut pas \u00eatre vide.\" data-invmsg=\"Ressources pour la prise en charge des frais de formation est non valide\"   \/> Prise en charge<\/label><\/div>\n\t\t<div class=\"frm_checkbox\" id=\"frm_checkbox_40-3\">\t\t\t<label  for=\"field_1oy1p-3\">\n\t\t\t<input type=\"checkbox\" name=\"item_meta[40][]\" id=\"field_1oy1p-3\" value=\"Autres\"  data-reqmsg=\"Ressources pour la prise en charge des frais de formation ne peut pas \u00eatre vide.\" data-invmsg=\"Ressources pour la prise en charge des frais de formation est non valide\"   \/> Autres<\/label><\/div>\n<\/div>\n\t\n\t\n<\/div>\n<div id=\"frm_field_34_container\" class=\"frm_form_field form-field  frm_required_field frm_top_container vertical_radio\">\n\t<div  id=\"field_zbalm_label\" class=\"frm_primary_label\">Je m&rsquo;engage \u00e0\u00a0 m&rsquo;acquitter des frais d&rsquo;inscription annuels et des  frais p\u00e9dagogiques \u00e0\u00a0 payer par semestre.\n\t\t<span class=\"frm_required\" aria-hidden=\"true\">*<\/span>\n\t<\/div>\n\t<div class=\"frm_opt_container\" aria-labelledby=\"field_zbalm_label\" role=\"group\">\t\t<div class=\"frm_checkbox\" id=\"frm_checkbox_34-0\">\t\t\t<label  for=\"field_zbalm-0\">\n\t\t\t<input type=\"checkbox\" name=\"item_meta[34][]\" id=\"field_zbalm-0\" value=\"Engagement sur l&#039;honneur\"  data-reqmsg=\"Je m&#039;engage \u00e0\u00a0 m&#039;acquitter des frais d&#039;inscription annuels et des  frais p\u00e9dagogiques \u00e0\u00a0 payer par semestre. ne peut pas \u00eatre vide.\" data-invmsg=\"Je m&#039;engage \u00e0\u00a0 m&#039;acquitter des frais d&#039;inscription annuels et des  frais p\u00e9dagogiques \u00e0\u00a0 payer par semestre. est non valide\"   aria-required=\"true\"  \/> Engagement sur l&rsquo;honneur<\/label><\/div>\n<\/div>\n\t\n\t\n<\/div>\n<div id=\"frm_field_18_container\" class=\"frm_form_field form-field \">\n\t<div class=\"frm_submit frm_flex\">\n<button class=\"frm_button_submit\" type=\"submit\"  >Envoyer<\/button>\n\n\n\n<\/div>\n<\/div>\n\t<input type=\"hidden\" name=\"item_key\" value=\"\" \/>\n\t\t\t<div id=\"frm_field_41_container\">\n\t\t\t<label for=\"field_b2rb\" >\n\t\t\t\tSi vous \u00eates un humain, ne remplissez pas ce champ.\t\t\t<\/label>\n\t\t\t<input  id=\"field_b2rb\" type=\"text\" class=\"frm_form_field form-field frm_verify\" name=\"item_meta[41]\" value=\"\"  \/>\n\t\t<\/div>\n\t\t<input name=\"frm_state\" type=\"hidden\" value=\"ePn35nYTYiwonLZnViakhHsDohRrfpKsCyuneUPRJ08=\" \/><\/div>\n<\/fieldset>\n<\/div>\n\n<\/form>\n<\/div>\n","protected":false},"excerpt":{"rendered":"<p>Veuillez remplir le formulaire ci-dessous pour votre candidature en Master en Agro\u00e9cologie, Biodiversit\u00e9 et Changement climatique.<\/p>\n","protected":false},"author":1,"featured_media":0,"parent":0,"menu_order":0,"comment_status":"closed","ping_status":"closed","template":"","meta":{"pagelayer_contact_templates":[],"_pagelayer_content":"","footnotes":""},"class_list":["post-495","page","type-page","status-publish","hentry"],"_links":{"self":[{"href":"https:\/\/essagro.mg\/abc\/wp-json\/wp\/v2\/pages\/495","targetHints":{"allow":["GET"]}}],"collection":[{"href":"https:\/\/essagro.mg\/abc\/wp-json\/wp\/v2\/pages"}],"about":[{"href":"https:\/\/essagro.mg\/abc\/wp-json\/wp\/v2\/types\/page"}],"author":[{"embeddable":true,"href":"https:\/\/essagro.mg\/abc\/wp-json\/wp\/v2\/users\/1"}],"replies":[{"embeddable":true,"href":"https:\/\/essagro.mg\/abc\/wp-json\/wp\/v2\/comments?post=495"}],"version-history":[{"count":10,"href":"https:\/\/essagro.mg\/abc\/wp-json\/wp\/v2\/pages\/495\/revisions"}],"predecessor-version":[{"id":876,"href":"https:\/\/essagro.mg\/abc\/wp-json\/wp\/v2\/pages\/495\/revisions\/876"}],"wp:attachment":[{"href":"https:\/\/essagro.mg\/abc\/wp-json\/wp\/v2\/media?parent=495"}],"curies":[{"name":"wp","href":"https:\/\/api.w.org\/{rel}","templated":true}]}}