{"id":7,"date":"2015-05-06T07:26:09","date_gmt":"2015-05-06T07:26:09","guid":{"rendered":"https:\/\/261abc.wordpress.com\/?page_id=6"},"modified":"2025-07-08T16:47:04","modified_gmt":"2025-07-08T16:47:04","slug":"presentation","status":"publish","type":"page","link":"https:\/\/essagro.mg\/abc\/","title":{"rendered":"Accueil"},"content":{"rendered":"<p><img loading=\"lazy\" decoding=\"async\" class=\"wp-image-347 alignleft\" src=\"https:\/\/byebye9876543210.wordpress.com\/wp-content\/uploads\/2024\/08\/4644f-logo-abc.jpg\" alt=\"\" width=\"210\" height=\"210\" \/><\/p>\n<p data-start=\"0\" data-end=\"664\">Les transformations environnementales et sociales actuelles, notamment le changement climatique, ont un impact profond sur les populations humaines ainsi que sur les \u00e9cosyst\u00e8mes naturels. Les enjeux li\u00e9s \u00e0 l\u2019agriculture et \u00e0 la conservation de la biodiversit\u00e9 exigent le d\u00e9veloppement d\u2019approches de formation et de recherche multidisciplinaires. C\u2019est dans cette optique que l\u2019Universit\u00e9 d\u2019Antananarivo, \u00e0 travers l\u2019\u00c9cole Sup\u00e9rieure des Sciences Agronomiques (ESSA) et en collaboration avec <a href=\"https:\/\/www.laboradioisotopes.mg\">le Laboratoire des Radio-Isotopes (LRI)<\/a>, a mis en place le programme de Master en Agro\u00e9cologie, Biodiversit\u00e9 et Changement Climatique, connu sous l\u2019intitul\u00e9 \u00ab Master ABC \u00bb. Ce programme de deux ans vise \u00e0 renforcer les comp\u00e9tences des futurs chercheurs, professionnels et d\u00e9cideurs en leur permettant de comprendre les concepts et r\u00e9alit\u00e9s li\u00e9s au changement climatique, et de ma\u00eetriser les strat\u00e9gies et actions appropri\u00e9es. Il s\u2019agit notamment d\u2019acqu\u00e9rir une connaissance approfondie des causes, manifestations et enjeux du changement climatique en lien avec la gestion des ressources naturelles, d\u2019appr\u00e9hender ses implications environnementales, sociales et \u00e9conomiques, ainsi que les notions de risques, de vuln\u00e9rabilit\u00e9 et de r\u00e9silience dans les secteurs de l\u2019agriculture et de la biodiversit\u00e9. Le programme met \u00e9galement l\u2019accent sur les approches int\u00e9gr\u00e9es entre agro\u00e9cologie et conservation de la biodiversit\u00e9, dans une perspective d\u2019adaptation et d\u2019att\u00e9nuation des effets du changement climatique dans ces domaines cl\u00e9s.<\/p>\n<ul>\n<li>\n<hr \/>\n<\/li>\n<\/ul>\n<p><strong><em><img loading=\"lazy\" decoding=\"async\" class=\"wp-image-305 aligncenter\" src=\"https:\/\/byebye9876543210.wordpress.com\/wp-content\/uploads\/2024\/08\/39453-communaute.jpg\" alt=\"\" width=\"648\" height=\"516\" \/><\/em><\/strong><\/p>\n<div class=\"entry-content\">\n<hr \/>\n<\/div>\n<div class=\"entry-content\">\n<hr \/>\n<\/div>\n<div class=\"entry-content\">\n<p><a href=\"https:\/\/byebye9876543210.wordpress.com\/wp-content\/uploads\/2024\/08\/da6bf-logos-partenaires.jpg\"><img loading=\"lazy\" decoding=\"async\" class=\"wp-image-58 aligncenter\" src=\"https:\/\/byebye9876543210.wordpress.com\/wp-content\/uploads\/2024\/08\/da6bf-logos-partenaires.jpg?w=300\" alt=\"logos partenaires\" width=\"332\" height=\"73\" \/><\/a><a href=\"https:\/\/byebye9876543210.wordpress.com\/wp-content\/uploads\/2024\/08\/3020c-ruforum.jpg\"><img loading=\"lazy\" decoding=\"async\" class=\"aligncenter wp-image-254\" src=\"https:\/\/byebye9876543210.wordpress.com\/wp-content\/uploads\/2024\/08\/3020c-ruforum.jpg?w=300\" alt=\"ruforum\" width=\"172\" height=\"51\" \/><\/a><\/p>\n<\/div>\n","protected":false},"excerpt":{"rendered":"<p>Les transformations environnementales et sociales actuelles, notamment le changement climatique, ont un impact profond sur les populations humaines ainsi que sur les \u00e9cosyst\u00e8mes naturels. Les enjeux li\u00e9s \u00e0 l\u2019agriculture et \u00e0 la conservation de la biodiversit\u00e9 exigent le d\u00e9veloppement d\u2019approches de formation et de recherche multidisciplinaires. C\u2019est dans cette optique que l\u2019Universit\u00e9 d\u2019Antananarivo, \u00e0 travers &hellip; <a href=\"https:\/\/essagro.mg\/abc\/\" class=\"more-link\">Continuer la lecture<span class=\"screen-reader-text\"> de &laquo;&nbsp;Accueil&nbsp;&raquo;<\/span><\/a><\/p>\n","protected":false},"author":1,"featured_media":0,"parent":0,"menu_order":0,"comment_status":"closed","ping_status":"closed","template":"","meta":{"pagelayer_contact_templates":[],"_pagelayer_content":"","footnotes":""},"class_list":["post-7","page","type-page","status-publish","hentry"],"_links":{"self":[{"href":"https:\/\/essagro.mg\/abc\/wp-json\/wp\/v2\/pages\/7","targetHints":{"allow":["GET"]}}],"collection":[{"href":"https:\/\/essagro.mg\/abc\/wp-json\/wp\/v2\/pages"}],"about":[{"href":"https:\/\/essagro.mg\/abc\/wp-json\/wp\/v2\/types\/page"}],"author":[{"embeddable":true,"href":"https:\/\/essagro.mg\/abc\/wp-json\/wp\/v2\/users\/1"}],"replies":[{"embeddable":true,"href":"https:\/\/essagro.mg\/abc\/wp-json\/wp\/v2\/comments?post=7"}],"version-history":[{"count":2,"href":"https:\/\/essagro.mg\/abc\/wp-json\/wp\/v2\/pages\/7\/revisions"}],"predecessor-version":[{"id":830,"href":"https:\/\/essagro.mg\/abc\/wp-json\/wp\/v2\/pages\/7\/revisions\/830"}],"wp:attachment":[{"href":"https:\/\/essagro.mg\/abc\/wp-json\/wp\/v2\/media?parent=7"}],"curies":[{"name":"wp","href":"https:\/\/api.w.org\/{rel}","templated":true}]}}